{"id":1505,"date":"2012-08-28T16:27:18","date_gmt":"2012-08-28T19:27:18","guid":{"rendered":"http:\/\/jornalcontato.com.br\/home\/?page_id=1505"},"modified":"2013-01-25T09:13:06","modified_gmt":"2013-01-25T12:13:06","slug":"2012-2","status":"publish","type":"page","link":"https:\/\/www.jornalcontato.com.br\/home\/index.php\/arquivo\/2012-2\/","title":{"rendered":"2012"},"content":{"rendered":"<ul>\n<li><a href=\"http:\/\/www.jornalcontato.com.br\/579\/JC579.pdf\" target=\"_blank\">579<\/a><\/li>\n<\/ul>\n<ul>\n<li><a href=\"http:\/\/www.jornalcontato.com.br\/578\/JC578.pdf\" target=\"_blank\">578<\/a><\/li>\n<\/ul>\n<ul>\n<li><a href=\"http:\/\/www.jornalcontato.com.br\/577\/CE_2012.pdf\" target=\"_blank\">Encarte da edi\u00e7\u00e3o 577, &#8220;Renato Teixeira canta Taubat\u00e9&#8221;<\/a><\/li>\n<\/ul>\n<ul>\n<li><a href=\"http:\/\/www.jornalcontato.com.br\/577\/JC577.pdf\" target=\"_blank\">577<\/a><\/li>\n<\/ul>\n<ul>\n<li><a href=\"http:\/\/www.jornalcontato.com.br\/576\/JC576.pdf\" target=\"_blank\">576<\/a><\/li>\n<\/ul>\n<ul>\n<li><a href=\"http:\/\/www.jornalcontato.com.br\/575\/JC575.pdf\" target=\"_blank\">575<\/a><\/li>\n<\/ul>\n<ul>\n<li><a href=\"http:\/\/www.jornalcontato.com.br\/574\/JC574.pdf\" target=\"_blank\">574<\/a><\/li>\n<\/ul>\n<ul>\n<li><a href=\"http:\/\/www.jornalcontato.com.br\/573\/JC573.pdf\" target=\"_blank\">573<\/a><\/li>\n<\/ul>\n<ul>\n<li><a href=\"http:\/\/www.jornalcontato.com.br\/572\/JC572.pdf\" target=\"_blank\">572<\/a><\/li>\n<\/ul>\n<ul>\n<li><a href=\"http:\/\/www.jornalcontato.com.br\/571\/JC571.pdf\" target=\"_blank\">571<\/a><\/li>\n<\/ul>\n<ul>\n<li><a href=\"http:\/\/www.jornalcontato.com.br\/570\/JC570.pdf\" target=\"_blank\">570<\/a><\/li>\n<\/ul>\n<ul>\n<li><a href=\"http:\/\/www.jornalcontato.com.br\/569\/JC569.pdf\" target=\"_blank\">569<\/a><\/li>\n<\/ul>\n<ul>\n<li><a href=\"http:\/\/www.jornalcontato.com.br\/568\/JC568.pdf\" target=\"_blank\">568<\/a><\/li>\n<\/ul>\n<ul>\n<li><a href=\"http:\/\/www.jornalcontato.com.br\/567\/JC567.pdf\" target=\"_blank\">567<\/a><\/li>\n<\/ul>\n<ul>\n<li><a href=\"http:\/\/www.jornalcontato.com.br\/566\/JC566.pdf\" target=\"_blank\">566<\/a><\/li>\n<\/ul>\n<ul>\n<li><a href=\"http:\/\/www.jornalcontato.com.br\/565\/JC565.pdf\" target=\"_blank\">565<\/a><\/li>\n<\/ul>\n<ul>\n<li><a href=\"http:\/\/www.jornalcontato.com.br\/564\/JC564.pdf\" target=\"_blank\">564<\/a><\/li>\n<\/ul>\n<ul>\n<li><a href=\"http:\/\/www.jornalcontato.com.br\/563\/JC563.pdf\" target=\"_blank\">563<\/a><\/li>\n<\/ul>\n<ul>\n<li><a href=\"http:\/\/www.jornalcontato.com.br\/562\/JC562.pdf\" target=\"_blank\">562<\/a><\/li>\n<\/ul>\n<ul>\n<li><a href=\"http:\/\/www.jornalcontato.com.br\/561\/JC561.pdf\" target=\"_blank\">561<\/a><\/li>\n<\/ul>\n<ul>\n<li><a href=\"http:\/\/www.jornalcontato.com.br\/560\/JC560.pdf\" target=\"_blank\">560<\/a><\/li>\n<\/ul>\n<ul>\n<li><a href=\"http:\/\/www.jornalcontato.com.br\/559\/JC559.pdf\" target=\"_blank\">559<\/a><\/li>\n<\/ul>\n<ul>\n<li><a href=\"http:\/\/www.jornalcontato.com.br\/558\/JC558.pdf\" target=\"_blank\">558<\/a><\/li>\n<\/ul>\n<ul>\n<li><a href=\"http:\/\/www.jornalcontato.com.br\/557\/JC557.pdf\" target=\"_blank\">557<\/a><\/li>\n<\/ul>\n<ul>\n<li><a href=\"http:\/\/www.jornalcontato.com.br\/556\/JC556.pdf\" target=\"_blank\">556<\/a><\/li>\n<\/ul>\n<ul>\n<li><a href=\"http:\/\/www.jornalcontato.com.br\/555\/JC555.pdf\" target=\"_blank\">555<\/a><\/li>\n<\/ul>\n<ul>\n<li><a href=\"http:\/\/www.jornalcontato.com.br\/554\/JC554.pdf\" target=\"_blank\">554<\/a><\/li>\n<\/ul>\n<ul>\n<li><a href=\"http:\/\/www.jornalcontato.com.br\/553\/JC553.pdf\" target=\"_blank\">553<\/a><\/li>\n<\/ul>\n<ul>\n<li><a href=\"http:\/\/www.jornalcontato.com.br\/552\/JC552.pdf\" target=\"_blank\">552<\/a><\/li>\n<\/ul>\n<ul>\n<li><a href=\"http:\/\/www.jornalcontato.com.br\/551\/JC551.pdf\" target=\"_blank\">551<\/a><\/li>\n<\/ul>\n<ul>\n<li><a href=\"http:\/\/www.jornalcontato.com.br\/550\/JC550.pdf\" target=\"_blank\">550<\/a><\/li>\n<\/ul>\n<ul>\n<li><a href=\"http:\/\/www.jornalcontato.com.br\/549\/JC549.pdf\" target=\"_blank\">549<\/a><\/li>\n<\/ul>\n<ul>\n<li><a href=\"http:\/\/www.jornalcontato.com.br\/548\/JC548.pdf\" target=\"_blank\">548<\/a><\/li>\n<\/ul>\n<ul>\n<li><a href=\"http:\/\/www.jornalcontato.com.br\/547\/JC547.pdf\" target=\"_blank\">547<\/a><\/li>\n<\/ul>\n<ul>\n<li><a href=\"http:\/\/www.jornalcontato.com.br\/546\/JC546.pdf\" target=\"_blank\">546<\/a><\/li>\n<\/ul>\n<ul>\n<li><a href=\"http:\/\/www.jornalcontato.com.br\/545\/JC545.pdf\" target=\"_blank\">545<\/a><\/li>\n<\/ul>\n<ul>\n<li><a href=\"http:\/\/www.jornalcontato.com.br\/544\/JC544.pdf\" target=\"_blank\">544<\/a><\/li>\n<\/ul>\n<ul>\n<li><a href=\"http:\/\/www.jornalcontato.com.br\/543\/JC543.pdf\" target=\"_blank\">543<\/a><\/li>\n<\/ul>\n<ul>\n<li><a href=\"http:\/\/www.jornalcontato.com.br\/542\/JC542.pdf\" target=\"_blank\">542<\/a><\/li>\n<\/ul>\n<ul>\n<li><a href=\"http:\/\/www.jornalcontato.com.br\/541\/JC541.pdf\" target=\"_blank\">541<\/a><\/li>\n<\/ul>\n<ul>\n<li><a href=\"http:\/\/www.jornalcontato.com.br\/540\/JC540.pdf\" target=\"_blank\">540<\/a><\/li>\n<\/ul>\n<ul>\n<li><a href=\"http:\/\/www.jornalcontato.com.br\/539\/JC539.pdf\" target=\"_blank\">539<\/a><\/li>\n<\/ul>\n<ul>\n<li><a href=\"http:\/\/www.jornalcontato.com.br\/538\/JC538.pdf\" target=\"_blank\">538<\/a><\/li>\n<\/ul>\n<ul>\n<li><a href=\"http:\/\/www.jornalcontato.com.br\/537\/JC537.pdf\" target=\"_blank\">537<\/a><\/li>\n<\/ul>\n<ul>\n<li><a href=\"http:\/\/www.jornalcontato.com.br\/536\/JC536.pdf\" target=\"_blank\">536<\/a><\/li>\n<\/ul>\n<ul>\n<li><a href=\"http:\/\/www.jornalcontato.com.br\/535\/JC535.pdf\" target=\"_blank\">535<\/a><\/li>\n<\/ul>\n<ul>\n<li><a href=\"http:\/\/www.jornalcontato.com.br\/534\/JC534.pdf\" target=\"_blank\">534<\/a><\/li>\n<\/ul>\n<ul>\n<li><a href=\"http:\/\/www.jornalcontato.com.br\/533\/JC533.pdf\" target=\"_blank\">533<\/a><\/li>\n<\/ul>\n<ul>\n<li><a href=\"http:\/\/www.jornalcontato.com.br\/532\/JC532.pdf\" target=\"_blank\">532<\/a><\/li>\n<\/ul>\n","protected":false},"excerpt":{"rendered":"<p>579 578 Encarte da edi\u00e7\u00e3o 577, &#8220;Renato Teixeira canta Taubat\u00e9&#8221; 577 576 575 574 573 572 571 570 569 568 567 566 565 564 563 &#8230;<\/p>\n","protected":false},"author":1,"featured_media":0,"parent":236,"menu_order":0,"comment_status":"open","ping_status":"open","template":"","meta":{"footnotes":""},"class_list":["post-1505","page","type-page","status-publish","hentry"],"_links":{"self":[{"href":"https:\/\/www.jornalcontato.com.br\/home\/index.php\/wp-json\/wp\/v2\/pages\/1505","targetHints":{"allow":["GET"]}}],"collection":[{"href":"https:\/\/www.jornalcontato.com.br\/home\/index.php\/wp-json\/wp\/v2\/pages"}],"about":[{"href":"https:\/\/www.jornalcontato.com.br\/home\/index.php\/wp-json\/wp\/v2\/types\/page"}],"author":[{"embeddable":true,"href":"https:\/\/www.jornalcontato.com.br\/home\/index.php\/wp-json\/wp\/v2\/users\/1"}],"replies":[{"embeddable":true,"href":"https:\/\/www.jornalcontato.com.br\/home\/index.php\/wp-json\/wp\/v2\/comments?post=1505"}],"version-history":[{"count":12,"href":"https:\/\/www.jornalcontato.com.br\/home\/index.php\/wp-json\/wp\/v2\/pages\/1505\/revisions"}],"predecessor-version":[{"id":4322,"href":"https:\/\/www.jornalcontato.com.br\/home\/index.php\/wp-json\/wp\/v2\/pages\/1505\/revisions\/4322"}],"up":[{"embeddable":true,"href":"https:\/\/www.jornalcontato.com.br\/home\/index.php\/wp-json\/wp\/v2\/pages\/236"}],"wp:attachment":[{"href":"https:\/\/www.jornalcontato.com.br\/home\/index.php\/wp-json\/wp\/v2\/media?parent=1505"}],"curies":[{"name":"wp","href":"https:\/\/api.w.org\/{rel}","templated":true}]}}